{"id":2653,"date":"2023-04-15T12:11:20","date_gmt":"2023-04-15T10:11:20","guid":{"rendered":"https:\/\/dev.cleanstep.ee\/sijaintimme\/"},"modified":"2023-04-15T12:11:20","modified_gmt":"2023-04-15T10:11:20","slug":"sijaintimme","status":"publish","type":"page","link":"https:\/\/dev.cleanstep.ee\/fi\/sijaintimme\/","title":{"rendered":"Sijaintimme"},"content":{"rendered":"","protected":false},"excerpt":{"rendered":"","protected":false},"author":9,"featured_media":0,"parent":0,"menu_order":0,"comment_status":"closed","ping_status":"closed","template":"tpl-about.php","meta":{"footnotes":""},"class_list":["post-2653","page","type-page","status-publish","hentry"],"yoast_head":"<!-- This site is optimized with the Yoast SEO plugin v20.5 - https:\/\/yoast.com\/wordpress\/plugins\/seo\/ -->\n<title>Sijaintimme %<\/title>\n<meta name=\"description\" content=\"Siit leiate kaikki CLEANSTEP asukohad kuhu saab jalan\u00f5usid j\u00e4tta puhdusse ilma lisatasuta. Samuti tagastame jalan\u00f5ud samasse kohta.\" \/>\n<meta name=\"robots\" content=\"index, follow, max-snippet:-1, max-image-preview:large, max-video-preview:-1\" \/>\n<link rel=\"canonical\" href=\"https:\/\/dev.cleanstep.ee\/fi\/sijaintimme\/\" \/>\n<meta property=\"og:locale\" content=\"fi_FI\" \/>\n<meta property=\"og:type\" content=\"article\" \/>\n<meta property=\"og:title\" content=\"Sijaintimme %\" \/>\n<meta property=\"og:description\" content=\"Siit leiate kaikki CLEANSTEP asukohad kuhu saab jalan\u00f5usid j\u00e4tta puhdusse ilma lisatasuta. Samuti tagastame jalan\u00f5ud samasse kohta.\" \/>\n<meta property=\"og:url\" content=\"https:\/\/dev.cleanstep.ee\/fi\/sijaintimme\/\" \/>\n<meta property=\"og:site_name\" content=\"CLEANSTEP - Tossude, ketside, saabaste ja kingade puhastus\" \/>\n<meta property=\"article:publisher\" content=\"https:\/\/www.facebook.com\/cleanstep.est\" \/>\n<meta name=\"twitter:card\" content=\"summary_large_image\" \/>\n<script type=\"application\/ld+json\" class=\"yoast-schema-graph\">{\"@context\":\"https:\/\/schema.org\",\"@graph\":[{\"@type\":\"WebPage\",\"@id\":\"https:\/\/dev.cleanstep.ee\/fi\/sijaintimme\/\",\"url\":\"https:\/\/dev.cleanstep.ee\/fi\/sijaintimme\/\",\"name\":\"Sijaintimme %\",\"isPartOf\":{\"@id\":\"https:\/\/dev.cleanstep.ee\/#website\"},\"datePublished\":\"2023-04-15T10:11:20+00:00\",\"dateModified\":\"2023-04-15T10:11:20+00:00\",\"description\":\"Siit leiate kaikki CLEANSTEP asukohad kuhu saab jalan\u00f5usid j\u00e4tta puhdusse ilma lisatasuta. Samuti tagastame jalan\u00f5ud samasse kohta.\",\"inLanguage\":\"fi-FI\",\"potentialAction\":[{\"@type\":\"ReadAction\",\"target\":[\"https:\/\/dev.cleanstep.ee\/fi\/sijaintimme\/\"]}]},{\"@type\":\"WebSite\",\"@id\":\"https:\/\/dev.cleanstep.ee\/#website\",\"url\":\"https:\/\/dev.cleanstep.ee\/\",\"name\":\"CLEANSTEP - Tossude, ketside, saabaste ja kingade puhastus\",\"description\":\"Esimene puhastusteenus Eestis, mis spetsialiseerub tossude, tenniste, kingade ja saabaste puhastusele ning restaureerimisele.\",\"publisher\":{\"@id\":\"https:\/\/dev.cleanstep.ee\/#organization\"},\"potentialAction\":[{\"@type\":\"SearchAction\",\"target\":{\"@type\":\"EntryPoint\",\"urlTemplate\":\"https:\/\/dev.cleanstep.ee\/?s={search_term_string}\"},\"query-input\":\"required name=search_term_string\"}],\"inLanguage\":\"fi-FI\"},{\"@type\":\"Organization\",\"@id\":\"https:\/\/dev.cleanstep.ee\/#organization\",\"name\":\"CLEANSTEP - Tossude, ketside, saabaste ja kingade puhastus\",\"url\":\"https:\/\/dev.cleanstep.ee\/\",\"logo\":{\"@type\":\"ImageObject\",\"inLanguage\":\"fi-FI\",\"@id\":\"https:\/\/dev.cleanstep.ee\/#\/schema\/logo\/image\/\",\"url\":\"https:\/\/dev.cleanstep.ee\/wp-content\/uploads\/2021\/10\/logo.png\",\"contentUrl\":\"https:\/\/dev.cleanstep.ee\/wp-content\/uploads\/2021\/10\/logo.png\",\"width\":233,\"height\":45,\"caption\":\"CLEANSTEP - Tossude, ketside, saabaste ja kingade puhastus\"},\"image\":{\"@id\":\"https:\/\/dev.cleanstep.ee\/#\/schema\/logo\/image\/\"},\"sameAs\":[\"https:\/\/www.facebook.com\/cleanstep.est\",\"https:\/\/www.instagram.com\/cleanstep.est\/\"]}]}<\/script>\n<!-- \/ Yoast SEO plugin. -->","yoast_head_json":{"title":"Sijaintimme %","description":"Siit leiate kaikki CLEANSTEP asukohad kuhu saab jalan\u00f5usid j\u00e4tta puhdusse ilma lisatasuta. Samuti tagastame jalan\u00f5ud samasse kohta.","robots":{"index":"index","follow":"follow","max-snippet":"max-snippet:-1","max-image-preview":"max-image-preview:large","max-video-preview":"max-video-preview:-1"},"canonical":"https:\/\/dev.cleanstep.ee\/fi\/sijaintimme\/","og_locale":"fi_FI","og_type":"article","og_title":"Sijaintimme %","og_description":"Siit leiate kaikki CLEANSTEP asukohad kuhu saab jalan\u00f5usid j\u00e4tta puhdusse ilma lisatasuta. Samuti tagastame jalan\u00f5ud samasse kohta.","og_url":"https:\/\/dev.cleanstep.ee\/fi\/sijaintimme\/","og_site_name":"CLEANSTEP - Tossude, ketside, saabaste ja kingade puhastus","article_publisher":"https:\/\/www.facebook.com\/cleanstep.est","twitter_card":"summary_large_image","schema":{"@context":"https:\/\/schema.org","@graph":[{"@type":"WebPage","@id":"https:\/\/dev.cleanstep.ee\/fi\/sijaintimme\/","url":"https:\/\/dev.cleanstep.ee\/fi\/sijaintimme\/","name":"Sijaintimme %","isPartOf":{"@id":"https:\/\/dev.cleanstep.ee\/#website"},"datePublished":"2023-04-15T10:11:20+00:00","dateModified":"2023-04-15T10:11:20+00:00","description":"Siit leiate kaikki CLEANSTEP asukohad kuhu saab jalan\u00f5usid j\u00e4tta puhdusse ilma lisatasuta. Samuti tagastame jalan\u00f5ud samasse kohta.","inLanguage":"fi-FI","potentialAction":[{"@type":"ReadAction","target":["https:\/\/dev.cleanstep.ee\/fi\/sijaintimme\/"]}]},{"@type":"WebSite","@id":"https:\/\/dev.cleanstep.ee\/#website","url":"https:\/\/dev.cleanstep.ee\/","name":"CLEANSTEP - Tossude, ketside, saabaste ja kingade puhastus","description":"Esimene puhastusteenus Eestis, mis spetsialiseerub tossude, tenniste, kingade ja saabaste puhastusele ning restaureerimisele.","publisher":{"@id":"https:\/\/dev.cleanstep.ee\/#organization"},"potentialAction":[{"@type":"SearchAction","target":{"@type":"EntryPoint","urlTemplate":"https:\/\/dev.cleanstep.ee\/?s={search_term_string}"},"query-input":"required name=search_term_string"}],"inLanguage":"fi-FI"},{"@type":"Organization","@id":"https:\/\/dev.cleanstep.ee\/#organization","name":"CLEANSTEP - Tossude, ketside, saabaste ja kingade puhastus","url":"https:\/\/dev.cleanstep.ee\/","logo":{"@type":"ImageObject","inLanguage":"fi-FI","@id":"https:\/\/dev.cleanstep.ee\/#\/schema\/logo\/image\/","url":"https:\/\/dev.cleanstep.ee\/wp-content\/uploads\/2021\/10\/logo.png","contentUrl":"https:\/\/dev.cleanstep.ee\/wp-content\/uploads\/2021\/10\/logo.png","width":233,"height":45,"caption":"CLEANSTEP - Tossude, ketside, saabaste ja kingade puhastus"},"image":{"@id":"https:\/\/dev.cleanstep.ee\/#\/schema\/logo\/image\/"},"sameAs":["https:\/\/www.facebook.com\/cleanstep.est","https:\/\/www.instagram.com\/cleanstep.est\/"]}]}},"_links":{"self":[{"href":"https:\/\/dev.cleanstep.ee\/fi\/wp-json\/wp\/v2\/pages\/2653","targetHints":{"allow":["GET"]}}],"collection":[{"href":"https:\/\/dev.cleanstep.ee\/fi\/wp-json\/wp\/v2\/pages"}],"about":[{"href":"https:\/\/dev.cleanstep.ee\/fi\/wp-json\/wp\/v2\/types\/page"}],"author":[{"embeddable":true,"href":"https:\/\/dev.cleanstep.ee\/fi\/wp-json\/wp\/v2\/users\/9"}],"replies":[{"embeddable":true,"href":"https:\/\/dev.cleanstep.ee\/fi\/wp-json\/wp\/v2\/comments?post=2653"}],"version-history":[{"count":0,"href":"https:\/\/dev.cleanstep.ee\/fi\/wp-json\/wp\/v2\/pages\/2653\/revisions"}],"wp:attachment":[{"href":"https:\/\/dev.cleanstep.ee\/fi\/wp-json\/wp\/v2\/media?parent=2653"}],"curies":[{"name":"wp","href":"https:\/\/api.w.org\/{rel}","templated":true}]}}