{"id":1390,"date":"2022-02-20T10:40:04","date_gmt":"2022-02-20T10:40:04","guid":{"rendered":"https:\/\/dev.cleanstep.ee\/?post_type=product&#038;p=1390"},"modified":"2022-09-21T09:07:52","modified_gmt":"2022-09-21T09:07:52","slug":"taldade-valgendamine-2","status":"publish","type":"product","link":"https:\/\/dev.cleanstep.ee\/fi\/tooted\/taldade-valgendamine-2\/","title":{"rendered":"TALDADE VALGENDAMINE"},"content":{"rendered":"<p>Taldade valgendamine on protsess, mille k\u00e4igus taastatakse su kollaseks t\u00f5mbunud jalan\u00f5ude taldade originaalne v\u00e4rv ilma v\u00e4rvaineid kasutamata. Seda teenust teostame eraldi vaid puhastele jalan\u00f5udele. Juhul kui jalan\u00f5ud on m\u00e4\u00e4rdunud tuleb lisaks tellida ka jalan\u00f5ude puhastus.<br \/>\n<\/br><br \/>\nNB! Me ei valgenda ECCO jalan\u00f5usid. Nende taldade koostise t\u00f5ttu ei reageeri need valgendamisele.<\/p>\n","protected":false},"excerpt":{"rendered":"<p>Puhaste jalan\u00f5ude taldade valgendamine UV-valgusega.<br \/>\nTeenuse teostamise aeg 24h.<\/p>\n","protected":false},"featured_media":1379,"comment_status":"open","ping_status":"closed","template":"","meta":[],"product_cat":[16],"product_tag":[30,33],"class_list":["post-1390","product","type-product","status-publish","has-post-thumbnail","hentry","product_cat-teenused","product_tag-puhastus","product_tag-varskendamine","pa_material-kangas","pa_material-kunstnahk","pa_material-lakknahk","pa_material-nahk","pa_material-nubuk","pa_material-seemisnahk","pa_material-segamaterjal","pa_material-vorkriie"],"yoast_head":"<!-- This site is optimized with the Yoast SEO plugin v20.5 - https:\/\/yoast.com\/wordpress\/plugins\/seo\/ -->\n<title>TALDADE VALGENDAMINE<\/title>\n<meta name=\"description\" content=\"Taldade valgendamine on protsess, mille k\u00e4igus taastatakse su kollaseks t\u00f5mbunud jalan\u00f5ude taldade originaalne v\u00e4rv ilma v\u00e4rvaineid kasutamata.\" \/>\n<meta name=\"robots\" content=\"index, follow, max-snippet:-1, max-image-preview:large, max-video-preview:-1\" \/>\n<link rel=\"canonical\" href=\"https:\/\/dev.cleanstep.ee\/tooted\/taldade-valgendamine-2\/\" \/>\n<meta property=\"og:locale\" content=\"fi_FI\" \/>\n<meta property=\"og:type\" content=\"article\" \/>\n<meta property=\"og:title\" content=\"TALDADE VALGENDAMINE\" \/>\n<meta property=\"og:description\" content=\"Taldade valgendamine on protsess, mille k\u00e4igus taastatakse su kollaseks t\u00f5mbunud jalan\u00f5ude taldade originaalne v\u00e4rv ilma v\u00e4rvaineid kasutamata.\" \/>\n<meta property=\"og:url\" content=\"https:\/\/dev.cleanstep.ee\/tooted\/taldade-valgendamine-2\/\" \/>\n<meta property=\"og:site_name\" content=\"CLEANSTEP - Tossude, ketside, saabaste ja kingade puhastus\" \/>\n<meta property=\"article:publisher\" content=\"https:\/\/www.facebook.com\/cleanstep.est\" \/>\n<meta property=\"article:modified_time\" content=\"2022-09-21T09:07:52+00:00\" \/>\n<meta property=\"og:image\" content=\"https:\/\/dev.cleanstep.ee\/wp-content\/uploads\/2022\/02\/icing-before_after.png\" \/>\n\t<meta property=\"og:image:width\" content=\"718\" \/>\n\t<meta property=\"og:image:height\" content=\"718\" \/>\n\t<meta property=\"og:image:type\" content=\"image\/png\" \/>\n<meta name=\"twitter:card\" content=\"summary_large_image\" \/>\n<meta name=\"twitter:label1\" content=\"Est. reading time\" \/>\n\t<meta name=\"twitter:data1\" content=\"1 minute\" \/>\n<script type=\"application\/ld+json\" class=\"yoast-schema-graph\">{\"@context\":\"https:\/\/schema.org\",\"@graph\":[{\"@type\":\"WebPage\",\"@id\":\"https:\/\/dev.cleanstep.ee\/tooted\/taldade-valgendamine-2\/\",\"url\":\"https:\/\/dev.cleanstep.ee\/tooted\/taldade-valgendamine-2\/\",\"name\":\"TALDADE VALGENDAMINE\",\"isPartOf\":{\"@id\":\"https:\/\/dev.cleanstep.ee\/#website\"},\"datePublished\":\"2022-02-20T10:40:04+00:00\",\"dateModified\":\"2022-09-21T09:07:52+00:00\",\"description\":\"Taldade valgendamine on protsess, mille k\u00e4igus taastatakse su kollaseks t\u00f5mbunud jalan\u00f5ude taldade originaalne v\u00e4rv ilma v\u00e4rvaineid kasutamata.\",\"inLanguage\":\"fi-FI\",\"potentialAction\":[{\"@type\":\"ReadAction\",\"target\":[\"https:\/\/dev.cleanstep.ee\/tooted\/taldade-valgendamine-2\/\"]}]},{\"@type\":\"WebSite\",\"@id\":\"https:\/\/dev.cleanstep.ee\/#website\",\"url\":\"https:\/\/dev.cleanstep.ee\/\",\"name\":\"CLEANSTEP - Tossude, ketside, saabaste ja kingade puhastus\",\"description\":\"Esimene puhastusteenus Eestis, mis spetsialiseerub tossude, tenniste, kingade ja saabaste puhastusele ning restaureerimisele.\",\"publisher\":{\"@id\":\"https:\/\/dev.cleanstep.ee\/#organization\"},\"potentialAction\":[{\"@type\":\"SearchAction\",\"target\":{\"@type\":\"EntryPoint\",\"urlTemplate\":\"https:\/\/dev.cleanstep.ee\/?s={search_term_string}\"},\"query-input\":\"required name=search_term_string\"}],\"inLanguage\":\"fi-FI\"},{\"@type\":\"Organization\",\"@id\":\"https:\/\/dev.cleanstep.ee\/#organization\",\"name\":\"CLEANSTEP - Tossude, ketside, saabaste ja kingade puhastus\",\"url\":\"https:\/\/dev.cleanstep.ee\/\",\"logo\":{\"@type\":\"ImageObject\",\"inLanguage\":\"fi-FI\",\"@id\":\"https:\/\/dev.cleanstep.ee\/#\/schema\/logo\/image\/\",\"url\":\"https:\/\/dev.cleanstep.ee\/wp-content\/uploads\/2021\/10\/logo.png\",\"contentUrl\":\"https:\/\/dev.cleanstep.ee\/wp-content\/uploads\/2021\/10\/logo.png\",\"width\":233,\"height\":45,\"caption\":\"CLEANSTEP - Tossude, ketside, saabaste ja kingade puhastus\"},\"image\":{\"@id\":\"https:\/\/dev.cleanstep.ee\/#\/schema\/logo\/image\/\"},\"sameAs\":[\"https:\/\/www.facebook.com\/cleanstep.est\",\"https:\/\/www.instagram.com\/cleanstep.est\/\"]}]}<\/script>\n<!-- \/ Yoast SEO plugin. -->","yoast_head_json":{"title":"TALDADE VALGENDAMINE","description":"Taldade valgendamine on protsess, mille k\u00e4igus taastatakse su kollaseks t\u00f5mbunud jalan\u00f5ude taldade originaalne v\u00e4rv ilma v\u00e4rvaineid kasutamata.","robots":{"index":"index","follow":"follow","max-snippet":"max-snippet:-1","max-image-preview":"max-image-preview:large","max-video-preview":"max-video-preview:-1"},"canonical":"https:\/\/dev.cleanstep.ee\/tooted\/taldade-valgendamine-2\/","og_locale":"fi_FI","og_type":"article","og_title":"TALDADE VALGENDAMINE","og_description":"Taldade valgendamine on protsess, mille k\u00e4igus taastatakse su kollaseks t\u00f5mbunud jalan\u00f5ude taldade originaalne v\u00e4rv ilma v\u00e4rvaineid kasutamata.","og_url":"https:\/\/dev.cleanstep.ee\/tooted\/taldade-valgendamine-2\/","og_site_name":"CLEANSTEP - Tossude, ketside, saabaste ja kingade puhastus","article_publisher":"https:\/\/www.facebook.com\/cleanstep.est","article_modified_time":"2022-09-21T09:07:52+00:00","og_image":[{"width":718,"height":718,"url":"https:\/\/dev.cleanstep.ee\/wp-content\/uploads\/2022\/02\/icing-before_after.png","type":"image\/png"}],"twitter_card":"summary_large_image","twitter_misc":{"Est. reading time":"1 minute"},"schema":{"@context":"https:\/\/schema.org","@graph":[{"@type":"WebPage","@id":"https:\/\/dev.cleanstep.ee\/tooted\/taldade-valgendamine-2\/","url":"https:\/\/dev.cleanstep.ee\/tooted\/taldade-valgendamine-2\/","name":"TALDADE VALGENDAMINE","isPartOf":{"@id":"https:\/\/dev.cleanstep.ee\/#website"},"datePublished":"2022-02-20T10:40:04+00:00","dateModified":"2022-09-21T09:07:52+00:00","description":"Taldade valgendamine on protsess, mille k\u00e4igus taastatakse su kollaseks t\u00f5mbunud jalan\u00f5ude taldade originaalne v\u00e4rv ilma v\u00e4rvaineid kasutamata.","inLanguage":"fi-FI","potentialAction":[{"@type":"ReadAction","target":["https:\/\/dev.cleanstep.ee\/tooted\/taldade-valgendamine-2\/"]}]},{"@type":"WebSite","@id":"https:\/\/dev.cleanstep.ee\/#website","url":"https:\/\/dev.cleanstep.ee\/","name":"CLEANSTEP - Tossude, ketside, saabaste ja kingade puhastus","description":"Esimene puhastusteenus Eestis, mis spetsialiseerub tossude, tenniste, kingade ja saabaste puhastusele ning restaureerimisele.","publisher":{"@id":"https:\/\/dev.cleanstep.ee\/#organization"},"potentialAction":[{"@type":"SearchAction","target":{"@type":"EntryPoint","urlTemplate":"https:\/\/dev.cleanstep.ee\/?s={search_term_string}"},"query-input":"required name=search_term_string"}],"inLanguage":"fi-FI"},{"@type":"Organization","@id":"https:\/\/dev.cleanstep.ee\/#organization","name":"CLEANSTEP - Tossude, ketside, saabaste ja kingade puhastus","url":"https:\/\/dev.cleanstep.ee\/","logo":{"@type":"ImageObject","inLanguage":"fi-FI","@id":"https:\/\/dev.cleanstep.ee\/#\/schema\/logo\/image\/","url":"https:\/\/dev.cleanstep.ee\/wp-content\/uploads\/2021\/10\/logo.png","contentUrl":"https:\/\/dev.cleanstep.ee\/wp-content\/uploads\/2021\/10\/logo.png","width":233,"height":45,"caption":"CLEANSTEP - Tossude, ketside, saabaste ja kingade puhastus"},"image":{"@id":"https:\/\/dev.cleanstep.ee\/#\/schema\/logo\/image\/"},"sameAs":["https:\/\/www.facebook.com\/cleanstep.est","https:\/\/www.instagram.com\/cleanstep.est\/"]}]}},"_links":{"self":[{"href":"https:\/\/dev.cleanstep.ee\/fi\/wp-json\/wp\/v3\/product\/1390","targetHints":{"allow":["GET"]}}],"collection":[{"href":"https:\/\/dev.cleanstep.ee\/fi\/wp-json\/wp\/v3\/product"}],"about":[{"href":"https:\/\/dev.cleanstep.ee\/fi\/wp-json\/wp\/v2\/types\/product"}],"replies":[{"embeddable":true,"href":"https:\/\/dev.cleanstep.ee\/fi\/wp-json\/wp\/v2\/comments?post=1390"}],"wp:featuredmedia":[{"embeddable":true,"href":"https:\/\/dev.cleanstep.ee\/fi\/wp-json\/wp\/v2\/media\/1379"}],"wp:attachment":[{"href":"https:\/\/dev.cleanstep.ee\/fi\/wp-json\/wp\/v2\/media?parent=1390"}],"wp:term":[{"taxonomy":"product_cat","embeddable":true,"href":"https:\/\/dev.cleanstep.ee\/fi\/wp-json\/wp\/v2\/product_cat?post=1390"},{"taxonomy":"product_tag","embeddable":true,"href":"https:\/\/dev.cleanstep.ee\/fi\/wp-json\/wp\/v2\/product_tag?post=1390"}],"curies":[{"name":"wp","href":"https:\/\/api.w.org\/{rel}","templated":true}]}}