{"id":2640,"date":"2021-12-27T13:34:57","date_gmt":"2023-04-15T09:53:25","guid":{"rendered":"https:\/\/dev.cleanstep.ee\/product\/valipohjan-puhdistus\/"},"modified":"2023-04-15T11:53:25","modified_gmt":"2023-04-15T09:53:25","slug":"valipohjien-puhdistus","status":"publish","type":"product","link":"https:\/\/dev.cleanstep.ee\/fi\/tuote\/valipohjien-puhdistus\/","title":{"rendered":"V\u00c4LIPOHJAN PUHDISTUS"},"content":{"rendered":"<p>Pohja on keng\u00e4n sielu. Puhtaat pohjat ovat kuin kaunis hymy, kirkas ja reipas. Jos haluat vain puhdistaa v\u00e4lipohjasi, tarvitset t\u00e4t\u00e4 palvelua. Jos mahdollista, voimme my\u00f6s puhdistaa v\u00e4lipohjat pikapalveluna paikan p\u00e4\u00e4ll\u00e4.<\/p>\n","protected":false},"excerpt":{"rendered":"<p>Puhdistuspalvelu kaikentyyppisille v\u00e4lipohjille.<br \/>\nJos mahdollista, voimme my\u00f6s puhdistaa v\u00e4lipohjat pikapalveluna paikan p\u00e4\u00e4ll\u00e4.<\/p>\n","protected":false},"featured_media":2572,"comment_status":"open","ping_status":"closed","template":"","meta":[],"product_cat":[181],"product_tag":[182],"class_list":["post-2640","product","type-product","status-publish","has-post-thumbnail","hentry","product_cat-palvelut","product_tag-puhdas","pa_material-kangas-fi","pa_material-kiiltonahka","pa_material-mesh-fi","pa_material-mokkanahka","pa_material-nahka","pa_material-nupukki","pa_material-sekoitettu-materiaali","pa_material-tekonahkaa"],"yoast_head":"<!-- This site is optimized with the Yoast SEO plugin v20.5 - https:\/\/yoast.com\/wordpress\/plugins\/seo\/ -->\n<title>V\u00c4LIPOHJAN PUHDISTUS - CLEANSTEP - Tossude, ketside, saabaste ja kingade puhastus<\/title>\n<meta name=\"robots\" content=\"index, follow, max-snippet:-1, max-image-preview:large, max-video-preview:-1\" \/>\n<link rel=\"canonical\" href=\"https:\/\/dev.cleanstep.ee\/fi\/tuote\/valipohjien-puhdistus\/\" \/>\n<meta property=\"og:locale\" content=\"fi_FI\" \/>\n<meta property=\"og:type\" content=\"article\" \/>\n<meta property=\"og:title\" content=\"V\u00c4LIPOHJAN PUHDISTUS - CLEANSTEP - Tossude, ketside, saabaste ja kingade puhastus\" \/>\n<meta property=\"og:description\" content=\"Puhdistuspalvelu kaikentyyppisille v\u00e4lipohjille. Jos mahdollista, voimme my\u00f6s puhdistaa v\u00e4lipohjat pikapalveluna paikan p\u00e4\u00e4ll\u00e4.\" \/>\n<meta property=\"og:url\" content=\"https:\/\/dev.cleanstep.ee\/fi\/tuote\/valipohjien-puhdistus\/\" \/>\n<meta property=\"og:site_name\" content=\"CLEANSTEP - Tossude, ketside, saabaste ja kingade puhastus\" \/>\n<meta property=\"article:publisher\" content=\"https:\/\/www.facebook.com\/cleanstep.est\" \/>\n<meta property=\"og:image\" content=\"https:\/\/dev.cleanstep.ee\/wp-content\/uploads\/2021\/12\/new_balance_website-1024x1024.png\" \/>\n\t<meta property=\"og:image:width\" content=\"1024\" \/>\n\t<meta property=\"og:image:height\" content=\"1024\" \/>\n\t<meta property=\"og:image:type\" content=\"image\/png\" \/>\n<meta name=\"twitter:card\" content=\"summary_large_image\" \/>\n<script type=\"application\/ld+json\" class=\"yoast-schema-graph\">{\"@context\":\"https:\/\/schema.org\",\"@graph\":[{\"@type\":\"WebPage\",\"@id\":\"https:\/\/dev.cleanstep.ee\/fi\/tuote\/valipohjien-puhdistus\/\",\"url\":\"https:\/\/dev.cleanstep.ee\/fi\/tuote\/valipohjien-puhdistus\/\",\"name\":\"V\u00c4LIPOHJAN PUHDISTUS - CLEANSTEP - Tossude, ketside, saabaste ja kingade puhastus\",\"isPartOf\":{\"@id\":\"https:\/\/dev.cleanstep.ee\/#website\"},\"datePublished\":\"2023-04-15T09:53:25+00:00\",\"dateModified\":\"2023-04-15T09:53:25+00:00\",\"inLanguage\":\"fi-FI\",\"potentialAction\":[{\"@type\":\"ReadAction\",\"target\":[\"https:\/\/dev.cleanstep.ee\/fi\/tuote\/valipohjien-puhdistus\/\"]}]},{\"@type\":\"WebSite\",\"@id\":\"https:\/\/dev.cleanstep.ee\/#website\",\"url\":\"https:\/\/dev.cleanstep.ee\/\",\"name\":\"CLEANSTEP - Tossude, ketside, saabaste ja kingade puhastus\",\"description\":\"Esimene puhastusteenus Eestis, mis spetsialiseerub tossude, tenniste, kingade ja saabaste puhastusele ning restaureerimisele.\",\"publisher\":{\"@id\":\"https:\/\/dev.cleanstep.ee\/#organization\"},\"potentialAction\":[{\"@type\":\"SearchAction\",\"target\":{\"@type\":\"EntryPoint\",\"urlTemplate\":\"https:\/\/dev.cleanstep.ee\/?s={search_term_string}\"},\"query-input\":\"required name=search_term_string\"}],\"inLanguage\":\"fi-FI\"},{\"@type\":\"Organization\",\"@id\":\"https:\/\/dev.cleanstep.ee\/#organization\",\"name\":\"CLEANSTEP - Tossude, ketside, saabaste ja kingade puhastus\",\"url\":\"https:\/\/dev.cleanstep.ee\/\",\"logo\":{\"@type\":\"ImageObject\",\"inLanguage\":\"fi-FI\",\"@id\":\"https:\/\/dev.cleanstep.ee\/#\/schema\/logo\/image\/\",\"url\":\"https:\/\/dev.cleanstep.ee\/wp-content\/uploads\/2021\/10\/logo.png\",\"contentUrl\":\"https:\/\/dev.cleanstep.ee\/wp-content\/uploads\/2021\/10\/logo.png\",\"width\":233,\"height\":45,\"caption\":\"CLEANSTEP - Tossude, ketside, saabaste ja kingade puhastus\"},\"image\":{\"@id\":\"https:\/\/dev.cleanstep.ee\/#\/schema\/logo\/image\/\"},\"sameAs\":[\"https:\/\/www.facebook.com\/cleanstep.est\",\"https:\/\/www.instagram.com\/cleanstep.est\/\"]}]}<\/script>\n<!-- \/ Yoast SEO plugin. -->","yoast_head_json":{"title":"V\u00c4LIPOHJAN PUHDISTUS - CLEANSTEP - Tossude, ketside, saabaste ja kingade puhastus","robots":{"index":"index","follow":"follow","max-snippet":"max-snippet:-1","max-image-preview":"max-image-preview:large","max-video-preview":"max-video-preview:-1"},"canonical":"https:\/\/dev.cleanstep.ee\/fi\/tuote\/valipohjien-puhdistus\/","og_locale":"fi_FI","og_type":"article","og_title":"V\u00c4LIPOHJAN PUHDISTUS - CLEANSTEP - Tossude, ketside, saabaste ja kingade puhastus","og_description":"Puhdistuspalvelu kaikentyyppisille v\u00e4lipohjille. Jos mahdollista, voimme my\u00f6s puhdistaa v\u00e4lipohjat pikapalveluna paikan p\u00e4\u00e4ll\u00e4.","og_url":"https:\/\/dev.cleanstep.ee\/fi\/tuote\/valipohjien-puhdistus\/","og_site_name":"CLEANSTEP - Tossude, ketside, saabaste ja kingade puhastus","article_publisher":"https:\/\/www.facebook.com\/cleanstep.est","og_image":[{"width":1024,"height":1024,"url":"https:\/\/dev.cleanstep.ee\/wp-content\/uploads\/2021\/12\/new_balance_website-1024x1024.png","type":"image\/png"}],"twitter_card":"summary_large_image","schema":{"@context":"https:\/\/schema.org","@graph":[{"@type":"WebPage","@id":"https:\/\/dev.cleanstep.ee\/fi\/tuote\/valipohjien-puhdistus\/","url":"https:\/\/dev.cleanstep.ee\/fi\/tuote\/valipohjien-puhdistus\/","name":"V\u00c4LIPOHJAN PUHDISTUS - CLEANSTEP - Tossude, ketside, saabaste ja kingade puhastus","isPartOf":{"@id":"https:\/\/dev.cleanstep.ee\/#website"},"datePublished":"2023-04-15T09:53:25+00:00","dateModified":"2023-04-15T09:53:25+00:00","inLanguage":"fi-FI","potentialAction":[{"@type":"ReadAction","target":["https:\/\/dev.cleanstep.ee\/fi\/tuote\/valipohjien-puhdistus\/"]}]},{"@type":"WebSite","@id":"https:\/\/dev.cleanstep.ee\/#website","url":"https:\/\/dev.cleanstep.ee\/","name":"CLEANSTEP - Tossude, ketside, saabaste ja kingade puhastus","description":"Esimene puhastusteenus Eestis, mis spetsialiseerub tossude, tenniste, kingade ja saabaste puhastusele ning restaureerimisele.","publisher":{"@id":"https:\/\/dev.cleanstep.ee\/#organization"},"potentialAction":[{"@type":"SearchAction","target":{"@type":"EntryPoint","urlTemplate":"https:\/\/dev.cleanstep.ee\/?s={search_term_string}"},"query-input":"required name=search_term_string"}],"inLanguage":"fi-FI"},{"@type":"Organization","@id":"https:\/\/dev.cleanstep.ee\/#organization","name":"CLEANSTEP - Tossude, ketside, saabaste ja kingade puhastus","url":"https:\/\/dev.cleanstep.ee\/","logo":{"@type":"ImageObject","inLanguage":"fi-FI","@id":"https:\/\/dev.cleanstep.ee\/#\/schema\/logo\/image\/","url":"https:\/\/dev.cleanstep.ee\/wp-content\/uploads\/2021\/10\/logo.png","contentUrl":"https:\/\/dev.cleanstep.ee\/wp-content\/uploads\/2021\/10\/logo.png","width":233,"height":45,"caption":"CLEANSTEP - Tossude, ketside, saabaste ja kingade puhastus"},"image":{"@id":"https:\/\/dev.cleanstep.ee\/#\/schema\/logo\/image\/"},"sameAs":["https:\/\/www.facebook.com\/cleanstep.est","https:\/\/www.instagram.com\/cleanstep.est\/"]}]}},"_links":{"self":[{"href":"https:\/\/dev.cleanstep.ee\/fi\/wp-json\/wp\/v3\/product\/2640","targetHints":{"allow":["GET"]}}],"collection":[{"href":"https:\/\/dev.cleanstep.ee\/fi\/wp-json\/wp\/v3\/product"}],"about":[{"href":"https:\/\/dev.cleanstep.ee\/fi\/wp-json\/wp\/v2\/types\/product"}],"replies":[{"embeddable":true,"href":"https:\/\/dev.cleanstep.ee\/fi\/wp-json\/wp\/v2\/comments?post=2640"}],"wp:featuredmedia":[{"embeddable":true,"href":"https:\/\/dev.cleanstep.ee\/fi\/wp-json\/wp\/v2\/media\/2572"}],"wp:attachment":[{"href":"https:\/\/dev.cleanstep.ee\/fi\/wp-json\/wp\/v2\/media?parent=2640"}],"wp:term":[{"taxonomy":"product_cat","embeddable":true,"href":"https:\/\/dev.cleanstep.ee\/fi\/wp-json\/wp\/v2\/product_cat?post=2640"},{"taxonomy":"product_tag","embeddable":true,"href":"https:\/\/dev.cleanstep.ee\/fi\/wp-json\/wp\/v2\/product_tag?post=2640"}],"curies":[{"name":"wp","href":"https:\/\/api.w.org\/{rel}","templated":true}]}}