{"id":2654,"date":"2023-02-28T16:32:32","date_gmt":"2023-04-15T10:11:20","guid":{"rendered":"https:\/\/dev.cleanstep.ee\/product\/puhdistus-ugg-saappaat\/"},"modified":"2023-04-15T12:11:20","modified_gmt":"2023-04-15T10:11:20","slug":"cleaning-of-ugg-boots","status":"publish","type":"product","link":"https:\/\/dev.cleanstep.ee\/fi\/tuote\/cleaning-of-ugg-boots\/","title":{"rendered":"PUHDISTUS UGG SAAPPAAT"},"content":{"rendered":"<p>Ugg-saappaiden puhdistuspalvelu Virossa.<\/br><br \/>\nUggsit ja vastaavat paksusta lampaannahasta valmistetut saappaat voivat ep\u00e4ilem\u00e4tt\u00e4 olla eritt\u00e4in mukavat k\u00e4ytt\u00e4\u00e4 kylm\u00e4ll\u00e4 s\u00e4\u00e4ll\u00e4. N\u00e4m\u00e4 materiaalit tuskin kuitenkaan sopivat kosteisiin ja usein likaisiin s\u00e4\u00e4olosuhteisiimme. T\u00e4m\u00e4 johtaa melko monimutkaiseen puhdistusprosessiin, kun sama pari on puhdistettava useita kertoja kuivauksen j\u00e4lkeen jne.<\/p>\n<h3>Ty\u00f6 kest\u00e4\u00e4 7-9 ty\u00f6p\u00e4iv\u00e4\u00e4.<\/h3>\n","protected":false},"excerpt":{"rendered":"<p>UGG saappaat puhdistuspalvelu Virossa.<\/p>\n","protected":false},"featured_media":2631,"comment_status":"open","ping_status":"closed","template":"","meta":[],"product_cat":[181],"product_tag":[182,185],"class_list":["post-2654","product","type-product","status-publish","has-post-thumbnail","hentry","product_cat-palvelut","product_tag-puhdas","product_tag-ravitsevat","pa_material-kangas-fi","pa_material-kiiltonahka","pa_material-mesh-fi","pa_material-mokkanahka","pa_material-nahka","pa_material-nupukki","pa_material-sekoitettu-materiaali","pa_material-tekonahkaa"],"yoast_head":"<!-- This site is optimized with the Yoast SEO plugin v20.5 - https:\/\/yoast.com\/wordpress\/plugins\/seo\/ -->\n<title>PUHDISTUS UGG SAAPPAAT %<\/title>\n<meta name=\"description\" content=\"UGG saappaat puhdistuspalvelu Virossa.\" \/>\n<meta name=\"robots\" content=\"index, follow, max-snippet:-1, max-image-preview:large, max-video-preview:-1\" \/>\n<link rel=\"canonical\" href=\"https:\/\/dev.cleanstep.ee\/fi\/tuote\/puhdistus-ugg-saappaat\/\" \/>\n<meta property=\"og:locale\" content=\"fi_FI\" \/>\n<meta property=\"og:type\" content=\"article\" \/>\n<meta property=\"og:title\" content=\"PUHDISTUS UGG SAAPPAAT %\" \/>\n<meta property=\"og:description\" content=\"UGG saappaat puhdistuspalvelu Virossa.\" \/>\n<meta property=\"og:url\" content=\"https:\/\/dev.cleanstep.ee\/fi\/tuote\/puhdistus-ugg-saappaat\/\" \/>\n<meta property=\"og:site_name\" content=\"CLEANSTEP - Tossude, ketside, saabaste ja kingade puhastus\" \/>\n<meta property=\"article:publisher\" content=\"https:\/\/www.facebook.com\/cleanstep.est\" \/>\n<meta property=\"og:image\" content=\"https:\/\/dev.cleanstep.ee\/wp-content\/uploads\/2023\/02\/thibault-penin-rlKUNyHUPGc-unsplash-scaled.jpg\" \/>\n\t<meta property=\"og:image:width\" content=\"2560\" \/>\n\t<meta property=\"og:image:height\" content=\"1709\" \/>\n\t<meta property=\"og:image:type\" content=\"image\/jpeg\" \/>\n<meta name=\"twitter:card\" content=\"summary_large_image\" \/>\n<script type=\"application\/ld+json\" class=\"yoast-schema-graph\">{\"@context\":\"https:\/\/schema.org\",\"@graph\":[{\"@type\":\"WebPage\",\"@id\":\"https:\/\/dev.cleanstep.ee\/fi\/tuote\/puhdistus-ugg-saappaat\/\",\"url\":\"https:\/\/dev.cleanstep.ee\/fi\/tuote\/puhdistus-ugg-saappaat\/\",\"name\":\"PUHDISTUS UGG SAAPPAAT %\",\"isPartOf\":{\"@id\":\"https:\/\/dev.cleanstep.ee\/#website\"},\"datePublished\":\"2023-04-15T10:11:20+00:00\",\"dateModified\":\"2023-04-15T10:11:20+00:00\",\"description\":\"UGG saappaat puhdistuspalvelu Virossa.\",\"inLanguage\":\"fi-FI\",\"potentialAction\":[{\"@type\":\"ReadAction\",\"target\":[\"https:\/\/dev.cleanstep.ee\/fi\/tuote\/puhdistus-ugg-saappaat\/\"]}]},{\"@type\":\"WebSite\",\"@id\":\"https:\/\/dev.cleanstep.ee\/#website\",\"url\":\"https:\/\/dev.cleanstep.ee\/\",\"name\":\"CLEANSTEP - Tossude, ketside, saabaste ja kingade puhastus\",\"description\":\"Esimene puhastusteenus Eestis, mis spetsialiseerub tossude, tenniste, kingade ja saabaste puhastusele ning restaureerimisele.\",\"publisher\":{\"@id\":\"https:\/\/dev.cleanstep.ee\/#organization\"},\"potentialAction\":[{\"@type\":\"SearchAction\",\"target\":{\"@type\":\"EntryPoint\",\"urlTemplate\":\"https:\/\/dev.cleanstep.ee\/?s={search_term_string}\"},\"query-input\":\"required name=search_term_string\"}],\"inLanguage\":\"fi-FI\"},{\"@type\":\"Organization\",\"@id\":\"https:\/\/dev.cleanstep.ee\/#organization\",\"name\":\"CLEANSTEP - Tossude, ketside, saabaste ja kingade puhastus\",\"url\":\"https:\/\/dev.cleanstep.ee\/\",\"logo\":{\"@type\":\"ImageObject\",\"inLanguage\":\"fi-FI\",\"@id\":\"https:\/\/dev.cleanstep.ee\/#\/schema\/logo\/image\/\",\"url\":\"https:\/\/dev.cleanstep.ee\/wp-content\/uploads\/2021\/10\/logo.png\",\"contentUrl\":\"https:\/\/dev.cleanstep.ee\/wp-content\/uploads\/2021\/10\/logo.png\",\"width\":233,\"height\":45,\"caption\":\"CLEANSTEP - Tossude, ketside, saabaste ja kingade puhastus\"},\"image\":{\"@id\":\"https:\/\/dev.cleanstep.ee\/#\/schema\/logo\/image\/\"},\"sameAs\":[\"https:\/\/www.facebook.com\/cleanstep.est\",\"https:\/\/www.instagram.com\/cleanstep.est\/\"]}]}<\/script>\n<!-- \/ Yoast SEO plugin. -->","yoast_head_json":{"title":"PUHDISTUS UGG SAAPPAAT %","description":"UGG saappaat puhdistuspalvelu Virossa.","robots":{"index":"index","follow":"follow","max-snippet":"max-snippet:-1","max-image-preview":"max-image-preview:large","max-video-preview":"max-video-preview:-1"},"canonical":"https:\/\/dev.cleanstep.ee\/fi\/tuote\/puhdistus-ugg-saappaat\/","og_locale":"fi_FI","og_type":"article","og_title":"PUHDISTUS UGG SAAPPAAT %","og_description":"UGG saappaat puhdistuspalvelu Virossa.","og_url":"https:\/\/dev.cleanstep.ee\/fi\/tuote\/puhdistus-ugg-saappaat\/","og_site_name":"CLEANSTEP - Tossude, ketside, saabaste ja kingade puhastus","article_publisher":"https:\/\/www.facebook.com\/cleanstep.est","og_image":[{"width":2560,"height":1709,"url":"https:\/\/dev.cleanstep.ee\/wp-content\/uploads\/2023\/02\/thibault-penin-rlKUNyHUPGc-unsplash-scaled.jpg","type":"image\/jpeg"}],"twitter_card":"summary_large_image","schema":{"@context":"https:\/\/schema.org","@graph":[{"@type":"WebPage","@id":"https:\/\/dev.cleanstep.ee\/fi\/tuote\/puhdistus-ugg-saappaat\/","url":"https:\/\/dev.cleanstep.ee\/fi\/tuote\/puhdistus-ugg-saappaat\/","name":"PUHDISTUS UGG SAAPPAAT %","isPartOf":{"@id":"https:\/\/dev.cleanstep.ee\/#website"},"datePublished":"2023-04-15T10:11:20+00:00","dateModified":"2023-04-15T10:11:20+00:00","description":"UGG saappaat puhdistuspalvelu Virossa.","inLanguage":"fi-FI","potentialAction":[{"@type":"ReadAction","target":["https:\/\/dev.cleanstep.ee\/fi\/tuote\/puhdistus-ugg-saappaat\/"]}]},{"@type":"WebSite","@id":"https:\/\/dev.cleanstep.ee\/#website","url":"https:\/\/dev.cleanstep.ee\/","name":"CLEANSTEP - Tossude, ketside, saabaste ja kingade puhastus","description":"Esimene puhastusteenus Eestis, mis spetsialiseerub tossude, tenniste, kingade ja saabaste puhastusele ning restaureerimisele.","publisher":{"@id":"https:\/\/dev.cleanstep.ee\/#organization"},"potentialAction":[{"@type":"SearchAction","target":{"@type":"EntryPoint","urlTemplate":"https:\/\/dev.cleanstep.ee\/?s={search_term_string}"},"query-input":"required name=search_term_string"}],"inLanguage":"fi-FI"},{"@type":"Organization","@id":"https:\/\/dev.cleanstep.ee\/#organization","name":"CLEANSTEP - Tossude, ketside, saabaste ja kingade puhastus","url":"https:\/\/dev.cleanstep.ee\/","logo":{"@type":"ImageObject","inLanguage":"fi-FI","@id":"https:\/\/dev.cleanstep.ee\/#\/schema\/logo\/image\/","url":"https:\/\/dev.cleanstep.ee\/wp-content\/uploads\/2021\/10\/logo.png","contentUrl":"https:\/\/dev.cleanstep.ee\/wp-content\/uploads\/2021\/10\/logo.png","width":233,"height":45,"caption":"CLEANSTEP - Tossude, ketside, saabaste ja kingade puhastus"},"image":{"@id":"https:\/\/dev.cleanstep.ee\/#\/schema\/logo\/image\/"},"sameAs":["https:\/\/www.facebook.com\/cleanstep.est","https:\/\/www.instagram.com\/cleanstep.est\/"]}]}},"_links":{"self":[{"href":"https:\/\/dev.cleanstep.ee\/fi\/wp-json\/wp\/v3\/product\/2654","targetHints":{"allow":["GET"]}}],"collection":[{"href":"https:\/\/dev.cleanstep.ee\/fi\/wp-json\/wp\/v3\/product"}],"about":[{"href":"https:\/\/dev.cleanstep.ee\/fi\/wp-json\/wp\/v2\/types\/product"}],"replies":[{"embeddable":true,"href":"https:\/\/dev.cleanstep.ee\/fi\/wp-json\/wp\/v2\/comments?post=2654"}],"wp:featuredmedia":[{"embeddable":true,"href":"https:\/\/dev.cleanstep.ee\/fi\/wp-json\/wp\/v2\/media\/2631"}],"wp:attachment":[{"href":"https:\/\/dev.cleanstep.ee\/fi\/wp-json\/wp\/v2\/media?parent=2654"}],"wp:term":[{"taxonomy":"product_cat","embeddable":true,"href":"https:\/\/dev.cleanstep.ee\/fi\/wp-json\/wp\/v2\/product_cat?post=2654"},{"taxonomy":"product_tag","embeddable":true,"href":"https:\/\/dev.cleanstep.ee\/fi\/wp-json\/wp\/v2\/product_tag?post=2654"}],"curies":[{"name":"wp","href":"https:\/\/api.w.org\/{rel}","templated":true}]}}